{"id":1819,"date":"2025-11-08T21:08:30","date_gmt":"2025-11-08T20:08:30","guid":{"rendered":"https:\/\/the-ether.pl\/?post_type=product&#038;p=1819"},"modified":"2026-02-17T10:41:12","modified_gmt":"2026-02-17T09:41:12","slug":"libra-jasno-szary","status":"publish","type":"product","link":"http:\/\/the-ether.pl\/en\/product\/libra-jasno-szary\/","title":{"rendered":"Sweter Libra &#8211; jasno szary"},"content":{"rendered":"","protected":false},"excerpt":{"rendered":"<p><b>Sweter Libra w jasnoszarej tonacji \u2013 ponadczasowy klasyk<\/b><\/p>\n<p><b>Libra<\/b> to jeden z najbardziej charakterystycznych modeli Ether \u2013 <b>damski we\u0142niany sweter,<\/b> kt\u00f3ry zyska\u0142 miano klasyka, teraz powraca w nowym, jasnoszarym odcieniu. Ten kolor podkre\u015bla minimalistyczny charakter projektu, nadaj\u0105c mu \u015bwie\u017co\u015bci i uniwersalno\u015bci. Delikatnie pude\u0142kowy fason z obni\u017con\u0105 lini\u0105 ramion zapewnia swobod\u0119, a golf i r\u0119kawy wyko\u0144czone delikatnymi mankietami nadaj\u0105 ca\u0142o\u015bci harmonii i stylu.<\/p>\n<p><b>Jasnoszary sweter z we\u0142ny \u2013 mi\u0119kko\u015b\u0107, kt\u00f3r\u0105 pokochasz<\/b><\/p>\n<p><b>Jasnoszary sweter damski Libra<\/b> zachwyca tym, co najwa\u017cniejsze &#8211; dopracowanym krojem, wspaniale uk\u0142adaj\u0105c\u0105 si\u0119 lini\u0105 materia\u0142u i wywa\u017conymi proporcjami. To <b>sweter z we\u0142ny<\/b>, kt\u00f3ry sprawdzi si\u0119 zar\u00f3wno w eleganckich zestawieniach, jak i w codziennych stylizacjach \u2013 jest fundamentem garderoby kapsu\u0142owej. Jasnoszary odcie\u0144 sprawia, \u017ce <b>we\u0142niany sweter damski Libra<\/b> idealnie \u0142\u0105czy si\u0119 z innymi kolorami, tworz\u0105c sp\u00f3jne, ponadczasowe kompozycje. <b>Jasnoszary sweter damski<\/b> zosta\u0142 uszyty w Polsce przy u\u017cyciu najwy\u017cszej jako\u015bci w\u0142oskiej prz\u0119dzy. Unikalna mieszanka naturalnych w\u0142\u00f3kien \u2014 Merino i kaszmiru \u2014 nadaje <b>swetrowi Libra<\/b> wyj\u0105tkow\u0105 g\u0142adko\u015b\u0107 i lekko\u015b\u0107. To ubranie, kt\u00f3re otula ciep\u0142em i definiuje elegancj\u0119 w dyskretnym wydaniu.<\/p>","protected":false},"featured_media":5154,"template":"","meta":{"_acf_changed":false},"product_brand":[],"product_cat":[20],"product_tag":[],"class_list":{"0":"post-1819","1":"product","2":"type-product","3":"status-publish","4":"has-post-thumbnail","6":"product_cat-swetry","8":"first","9":"outofstock","10":"shipping-taxable","11":"purchasable","12":"product-type-variable"},"acf":[],"_links":{"self":[{"href":"http:\/\/the-ether.pl\/en\/wp-json\/wp\/v2\/product\/1819","targetHints":{"allow":["GET"]}}],"collection":[{"href":"http:\/\/the-ether.pl\/en\/wp-json\/wp\/v2\/product"}],"about":[{"href":"http:\/\/the-ether.pl\/en\/wp-json\/wp\/v2\/types\/product"}],"wp:featuredmedia":[{"embeddable":true,"href":"http:\/\/the-ether.pl\/en\/wp-json\/wp\/v2\/media\/5154"}],"wp:attachment":[{"href":"http:\/\/the-ether.pl\/en\/wp-json\/wp\/v2\/media?parent=1819"}],"wp:term":[{"taxonomy":"product_brand","embeddable":true,"href":"http:\/\/the-ether.pl\/en\/wp-json\/wp\/v2\/product_brand?post=1819"},{"taxonomy":"product_cat","embeddable":true,"href":"http:\/\/the-ether.pl\/en\/wp-json\/wp\/v2\/product_cat?post=1819"},{"taxonomy":"product_tag","embeddable":true,"href":"http:\/\/the-ether.pl\/en\/wp-json\/wp\/v2\/product_tag?post=1819"}],"curies":[{"name":"wp","href":"https:\/\/api.w.org\/{rel}","templated":true}]}}