{"id":4855,"date":"2025-04-13T10:18:52","date_gmt":"2025-04-13T08:18:52","guid":{"rendered":"https:\/\/the-ether.pl\/?post_type=product&#038;p=4855"},"modified":"2025-10-20T23:26:48","modified_gmt":"2025-10-20T21:26:48","slug":"sukienka-apus-czarna","status":"publish","type":"product","link":"https:\/\/the-ether.pl\/en\/product\/sukienka-apus-czarna\/","title":{"rendered":"Sukienka Apus &#8211; czarna"},"content":{"rendered":"","protected":false},"excerpt":{"rendered":"<p><strong>Sukienka Apus w kolorze czarnym \u2013 si\u0142a minimalizmu i elegancji<\/strong><\/p>\n<p><strong>Czarna sukienka maxi Apus<\/strong> to synonim kobiecej si\u0142y. D\u0142uga, przylegaj\u0105ca do cia\u0142a forma z kr\u00f3tkim r\u0119kawem i okr\u0105g\u0142ym dekoltem tworzy klasyczny fason, kt\u00f3ra zachwyca swoj\u0105 prostot\u0105 i elegancj\u0105. <strong>Czarna sukienka maxi<\/strong> zosta\u0142a wykonana z pr\u0105\u017ckowanego, spr\u0119\u017cystego materia\u0142u, kt\u00f3ry pi\u0119knie podkre\u015bla figur\u0119 i idealnie pracuje z cia\u0142em \u2013 subtelnie, bez skr\u0119powania, z gracj\u0105. To model, kt\u00f3ry wyr\u00f3\u017cnia si\u0119 obecno\u015bci\u0105 i blisko\u015bci\u0105 natury. Niewymuszony szyk, kt\u00f3ry sprawdzi si\u0119 zar\u00f3wno podczas letniego spaceru po pla\u017cy, jak i wieczornego spotkania w eleganckim, nadmorskim klubie.<\/p>\n<p><strong>Nowoczesna klasyka z nut\u0105 zmys\u0142owo\u015bci \u2013 czarna sukienka maxi w pr\u0105\u017cek<\/strong><\/p>\n<p>Inspiracj\u0105 do stworzenia czarnej sukienki maxi by\u0142y morskie fale \u2013 zmienne, rytmiczne, a jednocze\u015bnie niesko\u0144czenie spokojne. Czer\u0144 w wydaniu Apus nie przyt\u0142acza \u2013 przeciwnie, staje si\u0119 t\u0142em dla ruchu, \u015bwiat\u0142a i kobiecej energii. Delikatna struktura materia\u0142u, jego mi\u0119kko\u015b\u0107 i elastyczno\u015b\u0107 sprawiaj\u0105, \u017ce <strong>czarna sukienka maxi w pr\u0105\u017cek<\/strong> jest niezwykle komfortowa w noszeniu. Elastyczna, ale nie uciskaj\u0105ca \u2013 daje poczucie swobody i dopasowania w jednym. To propozycja dla kobiet, kt\u00f3re lubi\u0105, gdy styl, szyk i klasa pod\u0105\u017caj\u0105 za nimi, nie odwrotnie.<\/p>","protected":false},"featured_media":4896,"template":"","meta":{"_acf_changed":false},"product_brand":[],"product_cat":[25],"product_tag":[],"class_list":{"0":"post-4855","1":"product","2":"type-product","3":"status-publish","4":"has-post-thumbnail","6":"product_cat-sukienki","8":"first","9":"instock","10":"shipping-taxable","11":"purchasable","12":"product-type-variable"},"acf":[],"_links":{"self":[{"href":"https:\/\/the-ether.pl\/en\/wp-json\/wp\/v2\/product\/4855","targetHints":{"allow":["GET"]}}],"collection":[{"href":"https:\/\/the-ether.pl\/en\/wp-json\/wp\/v2\/product"}],"about":[{"href":"https:\/\/the-ether.pl\/en\/wp-json\/wp\/v2\/types\/product"}],"wp:featuredmedia":[{"embeddable":true,"href":"https:\/\/the-ether.pl\/en\/wp-json\/wp\/v2\/media\/4896"}],"wp:attachment":[{"href":"https:\/\/the-ether.pl\/en\/wp-json\/wp\/v2\/media?parent=4855"}],"wp:term":[{"taxonomy":"product_brand","embeddable":true,"href":"https:\/\/the-ether.pl\/en\/wp-json\/wp\/v2\/product_brand?post=4855"},{"taxonomy":"product_cat","embeddable":true,"href":"https:\/\/the-ether.pl\/en\/wp-json\/wp\/v2\/product_cat?post=4855"},{"taxonomy":"product_tag","embeddable":true,"href":"https:\/\/the-ether.pl\/en\/wp-json\/wp\/v2\/product_tag?post=4855"}],"curies":[{"name":"wp","href":"https:\/\/api.w.org\/{rel}","templated":true}]}}