{"id":4897,"date":"2025-04-15T15:30:53","date_gmt":"2025-04-15T13:30:53","guid":{"rendered":"https:\/\/the-ether.pl\/?post_type=product&#038;p=4897"},"modified":"2025-04-29T11:55:06","modified_gmt":"2025-04-29T09:55:06","slug":"sukienka-apus-bezowa","status":"publish","type":"product","link":"https:\/\/the-ether.pl\/en\/product\/sukienka-apus-bezowa\/","title":{"rendered":"Sukienka Apus &#8211; be\u017cowa"},"content":{"rendered":"","protected":false},"excerpt":{"rendered":"<p><strong>Sukienka Apus w kolorze be\u017cowym \u2013 elegancja w rytmie natury<\/strong><\/p>\n<p><strong>Be\u017cowa sukienka maxi Apus<\/strong> to esencja kobiecego spokoju, ale i ogromnej si\u0142y. Zainspirowana delikatn\u0105 fal\u0105 \u2013 przyjemnie otula cia\u0142o i podczas ka\u017cdego kroku podkre\u015bla sylwetk\u0119 bez nachalno\u015bci. Pr\u0105\u017ckowany materia\u0142 przepi\u0119knie pracuje z ruchem, tworz\u0105c mi\u0119kk\u0105, p\u0142ynn\u0105 lini\u0119. Przylegaj\u0105cy kr\u00f3j, d\u0142ugo\u015b\u0107 maxi, zaokr\u0105glony dekolt i kr\u00f3tkie r\u0119kawy to uk\u0142on w stron\u0119 ponadczasowej formy \u2013 prostej, lecz wyrafinowanej. W Ether zawsze dbamy o jako\u015b\u0107, styl, komfort i ponadczasowo\u015b\u0107. Dlatego <strong>sukienka maxi w pr\u0105\u017cek<\/strong> uk\u0142ada si\u0119 na ciele z niezwyk\u0142\u0105 lekko\u015bci\u0105. Elastyczno\u015b\u0107 materia\u0142u sprawia, \u017ce <strong>be\u017cowa sukienka maxi<\/strong> nie kr\u0119puje ruch\u00f3w, idealnie dopasowuje si\u0119 do figury, a jednocze\u015bnie pozostaje niesamowicie wygodna w noszeniu.<\/p>\n<p><strong>Spok\u00f3j, zmys\u0142owo\u015b\u0107 i lekko\u015b\u0107 \u2013 be\u017cowa sukienka maxi w pr\u0105\u017cek<\/strong><\/p>\n<p><strong>Be\u017cowa sukienka w delikatny pr\u0105\u017cek Apus<\/strong> zosta\u0142a stworzona z my\u015bl\u0105 o kobietach, kt\u00f3re ceni\u0105 nienachaln\u0105 elegancj\u0119 i niesamowity komfort noszenia. O kobietach, kt\u00f3re doceniaj\u0105 klasyk\u0119 wzbogacon\u0105 subteln\u0105 nut\u0105 nowoczesnego minimalizmu i szczypt\u0105 elegancji. Be\u017cowy odcie\u0144 doskonale wpisuje si\u0119 w krajobraz natury \u2013 pasuje zar\u00f3wno do rozgrzanych s\u0142o\u0144cem ulic miast, jak i poruszanych wiatrem w\u00f3d oceanu. To uniwersalny model, kt\u00f3ry mo\u017ce towarzyszy\u0107 Ci od poranka do p\u00f3\u017anego wieczora. Minimalistyczny kr\u00f3j z nut\u0105 nowoczesnego designu to gwarancja stylu i szyku, kt\u00f3ry nie ulega chwilowym trendom i nie wychodzi z mody. <strong>Beige striped dress<\/strong> to opowie\u015b\u0107 o tym, jak rytm natury spotyka si\u0119 z elegancj\u0105 ruchu.<\/p>","protected":false},"featured_media":4888,"template":"","meta":{"_acf_changed":false},"product_brand":[],"product_cat":[25],"product_tag":[],"class_list":{"0":"post-4897","1":"product","2":"type-product","3":"status-publish","4":"has-post-thumbnail","6":"product_cat-sukienki","8":"first","9":"instock","10":"shipping-taxable","11":"purchasable","12":"product-type-variable"},"acf":[],"_links":{"self":[{"href":"https:\/\/the-ether.pl\/en\/wp-json\/wp\/v2\/product\/4897","targetHints":{"allow":["GET"]}}],"collection":[{"href":"https:\/\/the-ether.pl\/en\/wp-json\/wp\/v2\/product"}],"about":[{"href":"https:\/\/the-ether.pl\/en\/wp-json\/wp\/v2\/types\/product"}],"wp:featuredmedia":[{"embeddable":true,"href":"https:\/\/the-ether.pl\/en\/wp-json\/wp\/v2\/media\/4888"}],"wp:attachment":[{"href":"https:\/\/the-ether.pl\/en\/wp-json\/wp\/v2\/media?parent=4897"}],"wp:term":[{"taxonomy":"product_brand","embeddable":true,"href":"https:\/\/the-ether.pl\/en\/wp-json\/wp\/v2\/product_brand?post=4897"},{"taxonomy":"product_cat","embeddable":true,"href":"https:\/\/the-ether.pl\/en\/wp-json\/wp\/v2\/product_cat?post=4897"},{"taxonomy":"product_tag","embeddable":true,"href":"https:\/\/the-ether.pl\/en\/wp-json\/wp\/v2\/product_tag?post=4897"}],"curies":[{"name":"wp","href":"https:\/\/api.w.org\/{rel}","templated":true}]}}