{"id":4903,"date":"2025-04-15T15:34:39","date_gmt":"2025-04-15T13:34:39","guid":{"rendered":"https:\/\/the-ether.pl\/?post_type=product&#038;p=4903"},"modified":"2025-07-17T18:09:16","modified_gmt":"2025-07-17T16:09:16","slug":"sukienka-tiaki-czarna","status":"publish","type":"product","link":"https:\/\/the-ether.pl\/en\/product\/sukienka-tiaki-czarna\/","title":{"rendered":"Sukienka Tiaki &#8211; czarna"},"content":{"rendered":"","protected":false},"excerpt":{"rendered":"<p><strong>Czarna sukienka z siateczki Tiaki \u2013 szykowny minimalizm<\/strong><\/p>\n<p><strong>Czarna siateczkowa sukienka Tiaki<\/strong> to kwintesencja wsp\u00f3\u0142czesnej elegancji w letnim wydaniu. Minimalistyczna forma spotyka tu szyk i nienachalne wyrafinowanie \u2013 przylegaj\u0105cy do cia\u0142a fason, d\u0142ugo\u015b\u0107 maxi i g\u0142\u0119boki rozporek na nodze tworz\u0105 sylwetk\u0119 pe\u0142n\u0105 lekko\u015bci i kobiecej si\u0142y. A\u017curowa dzianina dodaje g\u0142\u0119bi, kt\u00f3ra przepi\u0119knie wsp\u00f3\u0142gra z ruchem cia\u0142a i wakacyjnym s\u0142o\u0144cem. Czarny kolor podkre\u015bla ponadczasowy charakter <strong>letniej sukienki maxi<\/strong> \u2013 mo\u017cesz nosi\u0107 j\u0105 zar\u00f3wno w ci\u0105gu dnia, jak i podczas wieczornych wyj\u015b\u0107. Grube rami\u0105czka i zaokr\u0105glony dekolt nadaj\u0105 ca\u0142o\u015bci harmonii, a lekki materia\u0142 z bawe\u0142ny i wiskozy zapewnia komfort nawet w najcieplejsze dni. Co wi\u0119cej, przepi\u0119knie faluje przy ka\u017cdym kroku \u2013 niczym delikatna bryza muskaj\u0105ca sk\u00f3r\u0119.<\/p>\n<p><strong>Letnia klasyka w nowoczesnym wydaniu \u2013 czarna siateczkowa sukienka maxi<\/strong><\/p>\n<p>Czarna siateczkowa sukienka maxi daje poczucie wolno\u015bci \u2013 elegancka, a jednocze\u015bnie niezwykle swobodna. Idealna na wakacyjne chwile blisko oceanu, kolacj\u0119 przy zachodzie s\u0142o\u0144ca czy d\u0142ugie spacery w\u015br\u00f3d palm. <strong>Czarna sukienka maxi Tiaki<\/strong> to Twoja opowie\u015b\u0107 o sile kobieco\u015bci \u2013 delikatnej, a jednak zdecydowanej. Przemy\u015blany dob\u00f3r materia\u0142\u00f3w, precyzja wykonania i niesamowity kr\u00f3j sprawiaj\u0105, \u017ce siateczkowa czarna sukienka nie ulega chwilowym trendom \u2013 to klasyk, kt\u00f3ry powinien znale\u017a\u0107 si\u0119 w ka\u017cdej kobiecej garderobie.<\/p>","protected":false},"featured_media":4884,"template":"","meta":{"_acf_changed":false},"product_brand":[],"product_cat":[25],"product_tag":[],"class_list":{"0":"post-4903","1":"product","2":"type-product","3":"status-publish","4":"has-post-thumbnail","6":"product_cat-sukienki","8":"first","9":"instock","10":"shipping-taxable","11":"purchasable","12":"product-type-variable"},"acf":[],"_links":{"self":[{"href":"https:\/\/the-ether.pl\/en\/wp-json\/wp\/v2\/product\/4903","targetHints":{"allow":["GET"]}}],"collection":[{"href":"https:\/\/the-ether.pl\/en\/wp-json\/wp\/v2\/product"}],"about":[{"href":"https:\/\/the-ether.pl\/en\/wp-json\/wp\/v2\/types\/product"}],"wp:featuredmedia":[{"embeddable":true,"href":"https:\/\/the-ether.pl\/en\/wp-json\/wp\/v2\/media\/4884"}],"wp:attachment":[{"href":"https:\/\/the-ether.pl\/en\/wp-json\/wp\/v2\/media?parent=4903"}],"wp:term":[{"taxonomy":"product_brand","embeddable":true,"href":"https:\/\/the-ether.pl\/en\/wp-json\/wp\/v2\/product_brand?post=4903"},{"taxonomy":"product_cat","embeddable":true,"href":"https:\/\/the-ether.pl\/en\/wp-json\/wp\/v2\/product_cat?post=4903"},{"taxonomy":"product_tag","embeddable":true,"href":"https:\/\/the-ether.pl\/en\/wp-json\/wp\/v2\/product_tag?post=4903"}],"curies":[{"name":"wp","href":"https:\/\/api.w.org\/{rel}","templated":true}]}}