{"id":4909,"date":"2025-04-15T15:49:19","date_gmt":"2025-04-15T13:49:19","guid":{"rendered":"https:\/\/the-ether.pl\/?post_type=product&#038;p=4909"},"modified":"2025-05-05T13:57:10","modified_gmt":"2025-05-05T11:57:10","slug":"sukienka-tiaki-mleczna","status":"publish","type":"product","link":"https:\/\/the-ether.pl\/en\/product\/sukienka-tiaki-mleczna\/","title":{"rendered":"Sukienka Tiaki &#8211; mleczna"},"content":{"rendered":"","protected":false},"excerpt":{"rendered":"<p><strong>Sukienka maxi z siateczkowej dzianiny \u2013 rytm \u015bwiat\u0142a i ruchu<\/strong><\/p>\n<p>Mleczna sukienka siateczkowa Tiaki zosta\u0142a zaprojektowana z my\u015bl\u0105 o kobietach, kt\u00f3re ceni\u0105 naturalne pi\u0119kno i nienachaln\u0105 elegancj\u0119. <strong>Sukienka siateczkowa w kolorze mlecznym<\/strong> przywo\u0142uje obrazy spokojnych porank\u00f3w nad oceanem \u2013 kiedy wszystko dzieje si\u0119 powoli i w zgodzie z natur\u0105, a \u015bwiat\u0142o przepi\u0119knie odbija si\u0119 na sk\u00f3rze. <strong>Mleczna sukienka maxi<\/strong> zosta\u0142a wykonana z lekkiej dzianiny o strukturze siateczki, kt\u00f3ra subtelnie ods\u0142ania cia\u0142o, jednocze\u015bnie zachowuj\u0105c klas\u0119 i wyrafinowanie. D\u0142ugo\u015b\u0107 maxi i rozporek na lewej nodze dodaj\u0105 jej lekko\u015bci i swobody. Przylegaj\u0105cy kr\u00f3j pi\u0119knie podkre\u015bla sylwetk\u0119, a szerokie rami\u0105czka i zaokr\u0105glony dekolt zapewniaj\u0105 komfort noszenia i ponadczasowy styl.<\/p>\n<p><strong>Siateczkowa sukienka maxi \u2013 styl i komfort<\/strong><\/p>\n<p>Tiaki to sukienka maxi z siateczki stworzona z my\u015bl\u0105 o ciep\u0142ych wieczorach, spacerach po pla\u017cy i kolacjach w luksusowych resortach. Jej minimalistyczna forma i naturalny odcie\u0144 sprawiaj\u0105, \u017ce pasuje do ka\u017cdej kobiety, i ka\u017cdej podr\u00f3\u017cy. <strong>Siateczkowa sukienka Tiaki<\/strong> to opowie\u015b\u0107 o kobieco\u015bci, kt\u00f3ra nie potrzebuje s\u0142\u00f3w. Zainspirowana spokojem morskiego brzegu, stworzona z lekkiej dzianiny o a\u017curowej strukturze, subtelnie ods\u0142ania cia\u0142o i podkre\u015bla jego naturalny rytm. Przemy\u015blany dob\u00f3r materia\u0142\u00f3w, mi\u0119kka w dotyku dzianina z bawe\u0142ny i wiskozy, sprawia, \u017ce <strong>letnia sukienka maxi<\/strong> Tiaki idealnie wpisuje si\u0119 w wakacyjne pejza\u017ce i rytua\u0142y blisko natury. To propozycja dla kobiet, kt\u00f3re lubi\u0105 czerpa\u0107 z natury to, co najpi\u0119kniejsze.<\/p>","protected":false},"featured_media":4877,"template":"","meta":{"_acf_changed":false},"product_brand":[],"product_cat":[25],"product_tag":[],"class_list":{"0":"post-4909","1":"product","2":"type-product","3":"status-publish","4":"has-post-thumbnail","6":"product_cat-sukienki","8":"first","9":"instock","10":"shipping-taxable","11":"purchasable","12":"product-type-variable"},"acf":[],"_links":{"self":[{"href":"https:\/\/the-ether.pl\/en\/wp-json\/wp\/v2\/product\/4909","targetHints":{"allow":["GET"]}}],"collection":[{"href":"https:\/\/the-ether.pl\/en\/wp-json\/wp\/v2\/product"}],"about":[{"href":"https:\/\/the-ether.pl\/en\/wp-json\/wp\/v2\/types\/product"}],"wp:featuredmedia":[{"embeddable":true,"href":"https:\/\/the-ether.pl\/en\/wp-json\/wp\/v2\/media\/4877"}],"wp:attachment":[{"href":"https:\/\/the-ether.pl\/en\/wp-json\/wp\/v2\/media?parent=4909"}],"wp:term":[{"taxonomy":"product_brand","embeddable":true,"href":"https:\/\/the-ether.pl\/en\/wp-json\/wp\/v2\/product_brand?post=4909"},{"taxonomy":"product_cat","embeddable":true,"href":"https:\/\/the-ether.pl\/en\/wp-json\/wp\/v2\/product_cat?post=4909"},{"taxonomy":"product_tag","embeddable":true,"href":"https:\/\/the-ether.pl\/en\/wp-json\/wp\/v2\/product_tag?post=4909"}],"curies":[{"name":"wp","href":"https:\/\/api.w.org\/{rel}","templated":true}]}}