{"id":5466,"date":"2025-12-07T12:03:56","date_gmt":"2025-12-07T11:03:56","guid":{"rendered":"https:\/\/the-ether.pl\/?post_type=product&#038;p=5466"},"modified":"2026-01-07T22:09:59","modified_gmt":"2026-01-07T21:09:59","slug":"spodnie-gemini-bezowe","status":"publish","type":"product","link":"https:\/\/the-ether.pl\/en\/product\/spodnie-gemini-bezowe\/","title":{"rendered":"Spodnie Gemini &#8211; be\u017cowe"},"content":{"rendered":"","protected":false},"excerpt":{"rendered":"<p><strong>Kawowe spodnie z we\u0142ny Gemini \u2013 klasyk, kt\u00f3ry <u>pokochasz<\/u><\/strong><\/p>\n<p><strong>Kawowe spodnie damskie Gemini<\/strong> to kwintesencja szyku, stylu i wygody, wynikaj\u0105ca z dba\u0142o\u015bci o detale i zastosowania najwy\u017cszej jako\u015bci materia\u0142\u00f3w.<strong> Spodnie damskie szare Gemini<\/strong> zosta\u0142y wyprodukowane w Polsce przy u\u017cyciu najlepszej jako\u015bci w\u0142oskiej prz\u0119dzy. \u0141\u0105cz\u0105 mi\u0119kko\u015b\u0107 we\u0142ny Merino Extrafine (90%) oraz delikatno\u015b\u0107 kaszmiru (10%), co sprawia, \u017ce s\u0105 niezwykle mi\u0119siste, przyjemne w dotyku i idealnie sprawdz\u0105 si\u0119 nawet podczas ch\u0142odniejszych dni.<\/p>\n<p><strong>Kawowe spodnie z we\u0142ny Gemini<\/strong> wyr\u00f3\u017cnia prosta, szeroka nogawka. To modowy, ale niesamowicie uniwersalny fason, kt\u00f3ry gwarantuje swobod\u0119 ruchu. Delikatny mankiet na dole dodaje ca\u0142o\u015bci subtelnego wyko\u0144czenia, podkre\u015blaj\u0105c starannie przemy\u015blany design. Minimalistyczny kawowy odcie\u0144 prezentuje si\u0119 niezwykle efektownie, a przy tym nigdy nie wychodzi z trend\u00f3w. <strong>Szare spodnie z we\u0142ny i kaszmiru Gemini<\/strong> s\u0105 idealne dla kobiet ceni\u0105cych styl i komfort, oferuj\u0105c wszechstronno\u015b\u0107 w stylizacji \u2013 to idealny element kobiecej garderoby kapsu\u0142owej.<\/p>\n<p><strong>Kawowe we\u0142niane spodnie Gemini<\/strong> komponuj\u0105 si\u0119 z kawowym kardiganem Alya z tej samej kolekcji, tworz\u0105c stylowy komplet.<\/p>","protected":false},"featured_media":5463,"template":"","meta":{"_acf_changed":false},"product_brand":[],"product_cat":[23],"product_tag":[],"class_list":{"0":"post-5466","1":"product","2":"type-product","3":"status-publish","4":"has-post-thumbnail","6":"product_cat-spodnie","8":"first","9":"instock","10":"shipping-taxable","11":"purchasable","12":"product-type-variable"},"acf":[],"_links":{"self":[{"href":"https:\/\/the-ether.pl\/en\/wp-json\/wp\/v2\/product\/5466","targetHints":{"allow":["GET"]}}],"collection":[{"href":"https:\/\/the-ether.pl\/en\/wp-json\/wp\/v2\/product"}],"about":[{"href":"https:\/\/the-ether.pl\/en\/wp-json\/wp\/v2\/types\/product"}],"wp:featuredmedia":[{"embeddable":true,"href":"https:\/\/the-ether.pl\/en\/wp-json\/wp\/v2\/media\/5463"}],"wp:attachment":[{"href":"https:\/\/the-ether.pl\/en\/wp-json\/wp\/v2\/media?parent=5466"}],"wp:term":[{"taxonomy":"product_brand","embeddable":true,"href":"https:\/\/the-ether.pl\/en\/wp-json\/wp\/v2\/product_brand?post=5466"},{"taxonomy":"product_cat","embeddable":true,"href":"https:\/\/the-ether.pl\/en\/wp-json\/wp\/v2\/product_cat?post=5466"},{"taxonomy":"product_tag","embeddable":true,"href":"https:\/\/the-ether.pl\/en\/wp-json\/wp\/v2\/product_tag?post=5466"}],"curies":[{"name":"wp","href":"https:\/\/api.w.org\/{rel}","templated":true}]}}